{"id":9,"date":"2026-02-04T01:31:12","date_gmt":"2026-02-04T01:31:12","guid":{"rendered":"https:\/\/cointrend.online\/?page_id=9"},"modified":"2026-02-04T01:31:12","modified_gmt":"2026-02-04T01:31:12","slug":"trang-chu","status":"publish","type":"page","link":"https:\/\/cointrend.online\/","title":{"rendered":"Trang ch\u1ee7"},"content":{"rendered":"\n<body>\n    <header>\n        <div class=\"container\">\n            <div class=\"logo\">Coin<span>Trend<\/span><\/div>\n            <nav>\n                <ul>\n                    <li><a href=\"#\">Th\u1ecb tr\u01b0\u1eddng<\/a><\/li>\n                    <li><a href=\"#\">Ph\u00e2n t\u00edch<\/a><\/li>\n                    <li><a href=\"#\">Ki\u1ebfn th\u1ee9c<\/a><\/li>\n                    <li><a href=\"#\" class=\"btn-cta\">\u0110\u0103ng k\u00fd<\/a><\/li>\n                <\/ul>\n            <\/nav>\n        <\/div>\n    <\/header>\n\n    <section class=\"hero\">\n        <div class=\"container\">\n            <h1>C\u1eadp nh\u1eadt xu h\u01b0\u1edbng Crypto <br><span>Nhanh &#038; Ch\u00ednh x\u00e1c<\/span><\/h1>\n            <p>D\u1eabn \u0111\u1ea7u th\u1ecb tr\u01b0\u1eddng v\u1edbi c\u00e1c b\u00e0i ph\u00e2n t\u00edch chuy\u00ean s\u00e2u m\u1ed7i ng\u00e0y t\u1ea1i cointrend.online<\/p>\n        <\/div>\n    <\/section>\n\n    <main class=\"container\">\n        <h2 class=\"section-title\">B\u00e0i vi\u1ebft m\u1edbi nh\u1ea5t<\/h2>\n        <div class=\"blog-grid\">\n            <article class=\"post-card\">\n                <div class=\"post-thumb thumb-1\"><\/div>\n                <div class=\"post-info\">\n                    <span class=\"tag\">Xu h\u01b0\u1edbng<\/span>\n                    <h3>D\u1ef1 \u0111o\u00e1n gi\u00e1 Bitcoin trong qu\u00fd t\u1edbi<\/h3>\n                    <p>Nh\u1eefng y\u1ebfu t\u1ed1 v\u0129 m\u00f4 \u0111ang t\u00e1c \u0111\u1ed9ng m\u1ea1nh m\u1ebd \u0111\u1ebfn v\u1ed1n h\u00f3a th\u1ecb tr\u01b0\u1eddng&#8230;<\/p>\n                    <a href=\"#\" class=\"more-link\">Xem chi ti\u1ebft<\/a>\n                <\/div>\n            <\/article>\n\n            <article class=\"post-card\">\n                <div class=\"post-thumb thumb-2\"><\/div>\n                <div class=\"post-info\">\n                    <span class=\"tag\">Altcoin<\/span>\n                    <h3>5 d\u1ef1 \u00e1n Layer 2 ti\u1ec1m n\u0103ng nh\u1ea5t 2026<\/h3>\n                    <p>Kh\u00e1m ph\u00e1 c\u00e1c gi\u1ea3i ph\u00e1p m\u1edf r\u1ed9ng quy m\u00f4 \u0111ang thu h\u00fat d\u00f2ng ti\u1ec1n l\u1edbn&#8230;<\/p>\n                    <a href=\"#\" class=\"more-link\">Xem chi ti\u1ebft<\/a>\n                <\/div>\n            <\/article>\n        <\/div>\n    <\/main>\n\n    <footer>\n        <div class=\"container\">\n            <p>&copy; 2026 cointrend.online. N\u1ec1n t\u1ea3ng d\u1eef li\u1ec7u chu\u1ed7i kh\u1ed1i.<\/p>\n        <\/div>\n    <\/footer>\n<\/body>\n","protected":false},"excerpt":{"rendered":"<p>CoinTrend Th\u1ecb tr\u01b0\u1eddng Ph\u00e2n t\u00edch Ki\u1ebfn th\u1ee9c \u0110\u0103ng k\u00fd C\u1eadp nh\u1eadt xu h\u01b0\u1edbng Crypto Nhanh &#038; Ch\u00ednh x\u00e1c D\u1eabn \u0111\u1ea7u th\u1ecb tr\u01b0\u1eddng v\u1edbi c\u00e1c b\u00e0i ph\u00e2n t\u00edch chuy\u00ean s\u00e2u m\u1ed7i ng\u00e0y t\u1ea1i cointrend.online B\u00e0i vi\u1ebft m\u1edbi nh\u1ea5t Xu h\u01b0\u1edbng D\u1ef1 \u0111o\u00e1n gi\u00e1 Bitcoin trong qu\u00fd t\u1edbi Nh\u1eefng y\u1ebfu t\u1ed1 v\u0129 m\u00f4 \u0111ang t\u00e1c \u0111\u1ed9ng m\u1ea1nh [&#8230;]\n","protected":false},"author":1,"featured_media":0,"parent":0,"menu_order":0,"comment_status":"closed","ping_status":"closed","template":"","meta":{"footnotes":""},"class_list":["post-9","page","type-page","status-publish","hentry"],"_links":{"self":[{"href":"https:\/\/cointrend.online\/index.php\/wp-json\/wp\/v2\/pages\/9","targetHints":{"allow":["GET"]}}],"collection":[{"href":"https:\/\/cointrend.online\/index.php\/wp-json\/wp\/v2\/pages"}],"about":[{"href":"https:\/\/cointrend.online\/index.php\/wp-json\/wp\/v2\/types\/page"}],"author":[{"embeddable":true,"href":"https:\/\/cointrend.online\/index.php\/wp-json\/wp\/v2\/users\/1"}],"replies":[{"embeddable":true,"href":"https:\/\/cointrend.online\/index.php\/wp-json\/wp\/v2\/comments?post=9"}],"version-history":[{"count":1,"href":"https:\/\/cointrend.online\/index.php\/wp-json\/wp\/v2\/pages\/9\/revisions"}],"predecessor-version":[{"id":11,"href":"https:\/\/cointrend.online\/index.php\/wp-json\/wp\/v2\/pages\/9\/revisions\/11"}],"wp:attachment":[{"href":"https:\/\/cointrend.online\/index.php\/wp-json\/wp\/v2\/media?parent=9"}],"curies":[{"name":"wp","href":"https:\/\/api.w.org\/{rel}","templated":true}]}}